{"id":251966,"date":"2024-06-06T13:28:11","date_gmt":"2024-06-06T11:28:11","guid":{"rendered":"https:\/\/preprod.lgx-campus.fr\/?page_id=251966"},"modified":"2024-09-13T11:12:23","modified_gmt":"2024-09-13T09:12:23","slug":"vae","status":"publish","type":"page","link":"https:\/\/lgx-campus.fr\/?page_id=251966","title":{"rendered":"VAE"},"content":{"rendered":"<p>[et_pb_section fb_built=\u00a0\u00bb1&Prime; _builder_version=\u00a0\u00bb4.21.0&Prime; _module_preset=\u00a0\u00bbdefault\u00a0\u00bb background_color=\u00a0\u00bb#FFFFFF\u00a0\u00bb custom_padding=\u00a0\u00bb44px||22px|||\u00a0\u00bb da_disable_devices=\u00a0\u00bboff|off|off\u00a0\u00bb global_colors_info=\u00a0\u00bb{}\u00a0\u00bb da_is_popup=\u00a0\u00bboff\u00a0\u00bb da_exit_intent=\u00a0\u00bboff\u00a0\u00bb da_has_close=\u00a0\u00bbon\u00a0\u00bb da_alt_close=\u00a0\u00bboff\u00a0\u00bb da_dark_close=\u00a0\u00bboff\u00a0\u00bb da_not_modal=\u00a0\u00bbon\u00a0\u00bb da_is_singular=\u00a0\u00bboff\u00a0\u00bb da_with_loader=\u00a0\u00bboff\u00a0\u00bb da_has_shadow=\u00a0\u00bbon\u00a0\u00bb][et_pb_row _builder_version=\u00a0\u00bb4.21.0&Prime; _module_preset=\u00a0\u00bbdefault\u00a0\u00bb global_colors_info=\u00a0\u00bb{}\u00a0\u00bb][et_pb_column type=\u00a0\u00bb4_4&Prime; _builder_version=\u00a0\u00bb4.21.0&Prime; _module_preset=\u00a0\u00bbdefault\u00a0\u00bb global_colors_info=\u00a0\u00bb{}\u00a0\u00bb][\/et_pb_column][\/et_pb_row][et_pb_row column_structure=\u00a0\u00bb1_2,1_2&Prime; _builder_version=\u00a0\u00bb4.21.0&Prime; _module_preset=\u00a0\u00bbdefault\u00a0\u00bb custom_padding=\u00a0\u00bb0px|||||\u00a0\u00bb global_colors_info=\u00a0\u00bb{}\u00a0\u00bb][et_pb_column type=\u00a0\u00bb1_2&Prime; _builder_version=\u00a0\u00bb4.21.0&Prime; _module_preset=\u00a0\u00bbdefault\u00a0\u00bb global_colors_info=\u00a0\u00bb{}\u00a0\u00bb][et_pb_text _builder_version=\u00a0\u00bb4.24.3&Prime; _module_preset=\u00a0\u00bbdefault\u00a0\u00bb text_font=\u00a0\u00bbRoboto||||||||\u00a0\u00bb text_text_color=\u00a0\u00bb#F93100&Prime; text_font_size=\u00a0\u00bb51px\u00a0\u00bb text_letter_spacing=\u00a0\u00bb2px\u00a0\u00bb text_line_height=\u00a0\u00bb1em\u00a0\u00bb header_text_color=\u00a0\u00bb#F93100&Prime; header_font_size=\u00a0\u00bb42px\u00a0\u00bb custom_margin=\u00a0\u00bb-21px||||false|false\u00a0\u00bb text_font_size_tablet=\u00a0\u00bb42px\u00a0\u00bb text_font_size_phone=\u00a0\u00bb30px\u00a0\u00bb text_font_size_last_edited=\u00a0\u00bbon|tablet\u00a0\u00bb global_colors_info=\u00a0\u00bb{}\u00a0\u00bb]<\/p>\n<h1><span data-metadata=\"&lt;!--(figmeta)eyJmaWxlS2V5IjoiRUdqQnREMGlRUHdmeHRYT3hoOWRieCIsInBhc3RlSUQiOjkwODc3Nzg2NSwiZGF0YVR5cGUiOiJzY2VuZSJ9Cg==(\/figmeta)--&gt;\"><\/span><strong>La VAE, qu&rsquo;est-ce que c&rsquo;est ?<\/strong><\/h1>\n<p>[\/et_pb_text][et_pb_text _builder_version=\u00a0\u00bb4.24.3&Prime; _module_preset=\u00a0\u00bbdefault\u00a0\u00bb text_font=\u00a0\u00bb|500|||||||\u00a0\u00bb text_text_color=\u00a0\u00bb#1A3E4B\u00a0\u00bb text_orientation=\u00a0\u00bbjustified\u00a0\u00bb custom_margin_tablet=\u00a0\u00bb\u00a0\u00bb custom_margin_phone=\u00a0\u00bb-21px||||false|false\u00a0\u00bb custom_margin_last_edited=\u00a0\u00bbon|phone\u00a0\u00bb global_colors_info=\u00a0\u00bb{}\u00a0\u00bb]<\/p>\n<p>La Validation des Acquis de l&rsquo;Exp\u00e9rience, est un dispositif en France qui permet \u00e0 une personne de faire reconna\u00eetre officiellement ses comp\u00e9tences et connaissances acquises au cours de son exp\u00e9rience professionnelle, b\u00e9n\u00e9vole ou associative. Elle permet d&rsquo;obtenir tout ou partie d&rsquo;un dipl\u00f4me, d&rsquo;un titre ou d&rsquo;un certificat de qualification professionnelle sans avoir \u00e0 suivre le parcours de formation traditionnel.<\/p>\n<p>[\/et_pb_text][et_pb_text _builder_version=\u00a0\u00bb4.24.3&Prime; _module_preset=\u00a0\u00bbdefault\u00a0\u00bb text_font=\u00a0\u00bb|700|||||||\u00a0\u00bb text_text_color=\u00a0\u00bb#F93100&Prime; text_font_size=\u00a0\u00bb18px\u00a0\u00bb text_orientation=\u00a0\u00bbjustified\u00a0\u00bb global_colors_info=\u00a0\u00bb{}\u00a0\u00bb]<\/p>\n<p>Toutes nos formations sont disponibles pour une VAE !<\/p>\n<p>[\/et_pb_text][\/et_pb_column][et_pb_column type=\u00a0\u00bb1_2&Prime; _builder_version=\u00a0\u00bb4.21.0&Prime; _module_preset=\u00a0\u00bbdefault\u00a0\u00bb global_colors_info=\u00a0\u00bb{}\u00a0\u00bb][et_pb_image src=\u00a0\u00bbhttps:\/\/lgx-campus.fr\/wp-content\/uploads\/2024\/06\/Design-sans-titre-5.png\u00a0\u00bb title_text=\u00a0\u00bbDesign sans titre (5)\u00a0\u00bb align=\u00a0\u00bbcenter\u00a0\u00bb _builder_version=\u00a0\u00bb4.24.3&Prime; _module_preset=\u00a0\u00bbdefault\u00a0\u00bb width=\u00a0\u00bb76%\u00a0\u00bb global_colors_info=\u00a0\u00bb{}\u00a0\u00bb][\/et_pb_image][\/et_pb_column][\/et_pb_row][\/et_pb_section][et_pb_section fb_built=\u00a0\u00bb1&Prime; _builder_version=\u00a0\u00bb4.21.0&Prime; _module_preset=\u00a0\u00bbdefault\u00a0\u00bb background_color=\u00a0\u00bb#1a3e4b\u00a0\u00bb min_height=\u00a0\u00bb585px\u00a0\u00bb min_height_tablet=\u00a0\u00bb396px\u00a0\u00bb min_height_phone=\u00a0\u00bb908px\u00a0\u00bb min_height_last_edited=\u00a0\u00bbon|tablet\u00a0\u00bb height=\u00a0\u00bb182px\u00a0\u00bb height_tablet=\u00a0\u00bb508px\u00a0\u00bb height_phone=\u00a0\u00bb508px\u00a0\u00bb height_last_edited=\u00a0\u00bbon|tablet\u00a0\u00bb max_height_tablet=\u00a0\u00bb\u00a0\u00bb max_height_phone=\u00a0\u00bb\u00a0\u00bb max_height_last_edited=\u00a0\u00bbon|tablet\u00a0\u00bb custom_padding=\u00a0\u00bb42px|||||\u00a0\u00bb da_disable_devices=\u00a0\u00bboff|off|off\u00a0\u00bb global_colors_info=\u00a0\u00bb{}\u00a0\u00bb da_is_popup=\u00a0\u00bboff\u00a0\u00bb da_exit_intent=\u00a0\u00bboff\u00a0\u00bb da_has_close=\u00a0\u00bbon\u00a0\u00bb da_alt_close=\u00a0\u00bboff\u00a0\u00bb da_dark_close=\u00a0\u00bboff\u00a0\u00bb da_not_modal=\u00a0\u00bbon\u00a0\u00bb da_is_singular=\u00a0\u00bboff\u00a0\u00bb da_with_loader=\u00a0\u00bboff\u00a0\u00bb da_has_shadow=\u00a0\u00bbon\u00a0\u00bb][et_pb_row _builder_version=\u00a0\u00bb4.21.0&Prime; _module_preset=\u00a0\u00bbdefault\u00a0\u00bb custom_margin=\u00a0\u00bb-16px|auto||auto||\u00a0\u00bb custom_padding=\u00a0\u00bb24px|||||\u00a0\u00bb global_colors_info=\u00a0\u00bb{}\u00a0\u00bb][et_pb_column type=\u00a0\u00bb4_4&Prime; _builder_version=\u00a0\u00bb4.21.0&Prime; _module_preset=\u00a0\u00bbdefault\u00a0\u00bb global_colors_info=\u00a0\u00bb{}\u00a0\u00bb][et_pb_text _builder_version=\u00a0\u00bb4.24.3&Prime; _module_preset=\u00a0\u00bbdefault\u00a0\u00bb header_2_text_align=\u00a0\u00bbcenter\u00a0\u00bb header_2_text_color=\u00a0\u00bb#FFFFFF\u00a0\u00bb global_colors_info=\u00a0\u00bb{}\u00a0\u00bb]<\/p>\n<h2>Demande de dossier pour VAE<\/h2>\n<p>[\/et_pb_text][et_pb_divider color=\u00a0\u00bb#F93100&Prime; divider_weight=\u00a0\u00bb5px\u00a0\u00bb divider_weight_tablet=\u00a0\u00bb4px\u00a0\u00bb divider_weight_phone=\u00a0\u00bb4px\u00a0\u00bb divider_weight_last_edited=\u00a0\u00bbon|tablet\u00a0\u00bb _builder_version=\u00a0\u00bb4.24.3&Prime; _module_preset=\u00a0\u00bbdefault\u00a0\u00bb width=\u00a0\u00bb25%\u00a0\u00bb width_tablet=\u00a0\u00bb30%\u00a0\u00bb width_phone=\u00a0\u00bb46%\u00a0\u00bb width_last_edited=\u00a0\u00bbon|tablet\u00a0\u00bb module_alignment=\u00a0\u00bbcenter\u00a0\u00bb custom_margin=\u00a0\u00bb-26px||||false|false\u00a0\u00bb custom_padding=\u00a0\u00bb|0px||||\u00a0\u00bb global_colors_info=\u00a0\u00bb{}\u00a0\u00bb][\/et_pb_divider][et_pb_contact_form captcha=\u00a0\u00bboff\u00a0\u00bb email=\u00a0\u00bbcampus@lgx-france.fr\u00a0\u00bb _builder_version=\u00a0\u00bb4.24.3&Prime; _module_preset=\u00a0\u00bbdefault\u00a0\u00bb _unique_id=\u00a0\u00bbf2d74695-ee4e-4ac8-81c3-92223c543f9f\u00a0\u00bb form_field_text_color=\u00a0\u00bb#1A3E4B\u00a0\u00bb form_field_font=\u00a0\u00bb||||||||\u00a0\u00bb form_field_text_align=\u00a0\u00bbleft\u00a0\u00bb custom_button=\u00a0\u00bbon\u00a0\u00bb button_text_color=\u00a0\u00bb#FFFFFF\u00a0\u00bb button_bg_color=\u00a0\u00bb#F93100&Prime; button_border_width=\u00a0\u00bb0px\u00a0\u00bb button_border_color=\u00a0\u00bbRGBA(255,255,255,0)\u00a0\u00bb button_border_radius=\u00a0\u00bb8px\u00a0\u00bb button_letter_spacing=\u00a0\u00bb0px\u00a0\u00bb button_icon=\u00a0\u00bb&#xf1d8;||fa||900&Prime; border_radii=\u00a0\u00bbon|5px|5px|5px|5px\u00a0\u00bb global_colors_info=\u00a0\u00bb{}\u00a0\u00bb][et_pb_contact_field field_id=\u00a0\u00bbName\u00a0\u00bb field_title=\u00a0\u00bbNom\u00a0\u00bb _builder_version=\u00a0\u00bb4.16&Prime; global_colors_info=\u00a0\u00bb{}\u00a0\u00bb button_text_size__hover_enabled=\u00a0\u00bboff\u00a0\u00bb button_one_text_size__hover_enabled=\u00a0\u00bboff\u00a0\u00bb button_two_text_size__hover_enabled=\u00a0\u00bboff\u00a0\u00bb button_text_color__hover_enabled=\u00a0\u00bboff\u00a0\u00bb button_one_text_color__hover_enabled=\u00a0\u00bboff\u00a0\u00bb button_two_text_color__hover_enabled=\u00a0\u00bboff\u00a0\u00bb button_border_width__hover_enabled=\u00a0\u00bboff\u00a0\u00bb button_one_border_width__hover_enabled=\u00a0\u00bboff\u00a0\u00bb button_two_border_width__hover_enabled=\u00a0\u00bboff\u00a0\u00bb button_border_color__hover_enabled=\u00a0\u00bboff\u00a0\u00bb button_one_border_color__hover_enabled=\u00a0\u00bboff\u00a0\u00bb button_two_border_color__hover_enabled=\u00a0\u00bboff\u00a0\u00bb button_border_radius__hover_enabled=\u00a0\u00bboff\u00a0\u00bb button_one_border_radius__hover_enabled=\u00a0\u00bboff\u00a0\u00bb button_two_border_radius__hover_enabled=\u00a0\u00bboff\u00a0\u00bb button_letter_spacing__hover_enabled=\u00a0\u00bboff\u00a0\u00bb button_one_letter_spacing__hover_enabled=\u00a0\u00bboff\u00a0\u00bb button_two_letter_spacing__hover_enabled=\u00a0\u00bboff\u00a0\u00bb button_bg_color__hover_enabled=\u00a0\u00bboff\u00a0\u00bb button_one_bg_color__hover_enabled=\u00a0\u00bboff\u00a0\u00bb button_two_bg_color__hover_enabled=\u00a0\u00bboff\u00a0\u00bb][\/et_pb_contact_field][et_pb_contact_field field_id=\u00a0\u00bbLastname\u00a0\u00bb field_title=\u00a0\u00bbPr\u00e9nom\u00a0\u00bb _builder_version=\u00a0\u00bb4.24.3&Prime; global_colors_info=\u00a0\u00bb{}\u00a0\u00bb button_text_size__hover_enabled=\u00a0\u00bboff\u00a0\u00bb button_one_text_size__hover_enabled=\u00a0\u00bboff\u00a0\u00bb button_two_text_size__hover_enabled=\u00a0\u00bboff\u00a0\u00bb button_text_color__hover_enabled=\u00a0\u00bboff\u00a0\u00bb button_one_text_color__hover_enabled=\u00a0\u00bboff\u00a0\u00bb button_two_text_color__hover_enabled=\u00a0\u00bboff\u00a0\u00bb button_border_width__hover_enabled=\u00a0\u00bboff\u00a0\u00bb button_one_border_width__hover_enabled=\u00a0\u00bboff\u00a0\u00bb button_two_border_width__hover_enabled=\u00a0\u00bboff\u00a0\u00bb button_border_color__hover_enabled=\u00a0\u00bboff\u00a0\u00bb button_one_border_color__hover_enabled=\u00a0\u00bboff\u00a0\u00bb button_two_border_color__hover_enabled=\u00a0\u00bboff\u00a0\u00bb button_border_radius__hover_enabled=\u00a0\u00bboff\u00a0\u00bb button_one_border_radius__hover_enabled=\u00a0\u00bboff\u00a0\u00bb button_two_border_radius__hover_enabled=\u00a0\u00bboff\u00a0\u00bb button_letter_spacing__hover_enabled=\u00a0\u00bboff\u00a0\u00bb button_one_letter_spacing__hover_enabled=\u00a0\u00bboff\u00a0\u00bb button_two_letter_spacing__hover_enabled=\u00a0\u00bboff\u00a0\u00bb button_bg_color__hover_enabled=\u00a0\u00bboff\u00a0\u00bb button_one_bg_color__hover_enabled=\u00a0\u00bboff\u00a0\u00bb button_two_bg_color__hover_enabled=\u00a0\u00bboff\u00a0\u00bb][\/et_pb_contact_field][et_pb_contact_field field_id=\u00a0\u00bbEmail\u00a0\u00bb field_title=\u00a0\u00bbAdresse e-mail\u00a0\u00bb field_type=\u00a0\u00bbemail\u00a0\u00bb fullwidth_field=\u00a0\u00bbon\u00a0\u00bb _builder_version=\u00a0\u00bb4.24.3&Prime; _module_preset=\u00a0\u00bbdefault\u00a0\u00bb global_colors_info=\u00a0\u00bb{}\u00a0\u00bb][\/et_pb_contact_field][et_pb_contact_field field_id=\u00a0\u00bbPhone\u00a0\u00bb field_title=\u00a0\u00bbT\u00e9l\u00e9phone\u00a0\u00bb fullwidth_field=\u00a0\u00bbon\u00a0\u00bb _builder_version=\u00a0\u00bb4.24.3&Prime; _module_preset=\u00a0\u00bbdefault\u00a0\u00bb global_colors_info=\u00a0\u00bb{}\u00a0\u00bb][\/et_pb_contact_field][et_pb_contact_field field_id=\u00a0\u00bbTitre\u00a0\u00bb field_title=\u00a0\u00bbS\u00e9lectionnez un titre\u00a0\u00bb field_type=\u00a0\u00bbselect\u00a0\u00bb select_options=\u00a0\u00bb%91{%22value%22:%22Agent de S\u00fbret\u00e9 et Pr\u00e9vention en S\u00e9curit\u00e9 Priv\u00e9e%22,%22checked%22:0,%22dragID%22:-1},{%22dragID%22:7,%22value%22:%22Assistant en Ressources Humaines%22,%22checked%22:0},{%22dragID%22:0,%22value%22:%22Concepteur et D\u00e9veloppeur d&rsquo;Applications%22,%22checked%22:0},{%22dragID%22:1,%22value%22:%22Conseiller en Insertion Proffesionnelle%22,%22checked%22:0},{%22dragID%22:2,%22value%22:%22Employ\u00e9 Administratif et d&rsquo;Accueil%22,%22checked%22:0},{%22dragID%22:3,%22value%22:%22Formateur Professionnel d&rsquo;Adultes%22,%22checked%22:0},{%22dragID%22:4,%22value%22:%22Infographiste Metteur en Page%22,%22checked%22:0},{%22dragID%22:5,%22value%22:%22Responsable d&rsquo;Espace de M\u00e9diation Num\u00e9rique%22,%22checked%22:0},{%22dragID%22:6,%22value%22:%22Responsable de Petite ou Moyenne Structure%22,%22checked%22:0}%93&Prime; fullwidth_field=\u00a0\u00bbon\u00a0\u00bb _builder_version=\u00a0\u00bb4.24.3&Prime; _module_preset=\u00a0\u00bbdefault\u00a0\u00bb global_colors_info=\u00a0\u00bb{}\u00a0\u00bb][\/et_pb_contact_field][\/et_pb_contact_form][\/et_pb_column][\/et_pb_row][\/et_pb_section]<\/p>\n","protected":false},"excerpt":{"rendered":"<p>La VAE, qu&rsquo;est-ce que c&rsquo;est ?La Validation des Acquis de l&rsquo;Exp\u00e9rience, est un dispositif en France qui permet \u00e0 une personne de faire reconna\u00eetre officiellement ses comp\u00e9tences et connaissances acquises au cours de son exp\u00e9rience professionnelle, b\u00e9n\u00e9vole ou associative. Elle permet d&rsquo;obtenir tout ou partie d&rsquo;un dipl\u00f4me, d&rsquo;un titre ou d&rsquo;un certificat de qualification professionnelle [&hellip;]<\/p>\n","protected":false},"author":2,"featured_media":0,"parent":0,"menu_order":0,"comment_status":"closed","ping_status":"closed","template":"","meta":{"_et_pb_use_builder":"on","_et_pb_old_content":"","_et_gb_content_width":"","om_disable_all_campaigns":false,"_monsterinsights_skip_tracking":false,"_monsterinsights_sitenote_active":false,"_monsterinsights_sitenote_note":"","_monsterinsights_sitenote_category":0,"footnotes":""},"class_list":["post-251966","page","type-page","status-publish","hentry"],"yoast_head":"<!-- This site is optimized with the Yoast SEO plugin v23.0 - https:\/\/yoast.com\/wordpress\/plugins\/seo\/ -->\n<title>VAE - lgx-campus.fr<\/title>\n<meta name=\"robots\" content=\"index, follow, max-snippet:-1, max-image-preview:large, max-video-preview:-1\" \/>\n<link rel=\"canonical\" href=\"https:\/\/lgx-campus.fr\/?page_id=251966\" \/>\n<meta property=\"og:locale\" content=\"fr_FR\" \/>\n<meta property=\"og:type\" content=\"article\" \/>\n<meta property=\"og:title\" content=\"VAE - lgx-campus.fr\" \/>\n<meta property=\"og:description\" content=\"La VAE, qu&#039;est-ce que c&#039;est ?La Validation des Acquis de l&#039;Exp\u00e9rience, est un dispositif en France qui permet \u00e0 une personne de faire reconna\u00eetre officiellement ses comp\u00e9tences et connaissances acquises au cours de son exp\u00e9rience professionnelle, b\u00e9n\u00e9vole ou associative. Elle permet d&#039;obtenir tout ou partie d&#039;un dipl\u00f4me, d&#039;un titre ou d&#039;un certificat de qualification professionnelle [&hellip;]\" \/>\n<meta property=\"og:url\" content=\"https:\/\/lgx-campus.fr\/?page_id=251966\" \/>\n<meta property=\"og:site_name\" content=\"lgx-campus.fr\" \/>\n<meta property=\"article:publisher\" content=\"https:\/\/www.facebook.com\/profile.php?id=61551394575475\" \/>\n<meta property=\"article:modified_time\" content=\"2024-09-13T09:12:23+00:00\" \/>\n<meta name=\"twitter:card\" content=\"summary_large_image\" \/>\n<meta name=\"twitter:label1\" content=\"Dur\u00e9e de lecture estim\u00e9e\" \/>\n\t<meta name=\"twitter:data1\" content=\"6 minutes\" \/>\n<script type=\"application\/ld+json\" class=\"yoast-schema-graph\">{\"@context\":\"https:\/\/schema.org\",\"@graph\":[{\"@type\":\"WebPage\",\"@id\":\"https:\/\/lgx-campus.fr\/?page_id=251966\",\"url\":\"https:\/\/lgx-campus.fr\/?page_id=251966\",\"name\":\"VAE - lgx-campus.fr\",\"isPartOf\":{\"@id\":\"https:\/\/lgx-campus.fr\/#website\"},\"datePublished\":\"2024-06-06T11:28:11+00:00\",\"dateModified\":\"2024-09-13T09:12:23+00:00\",\"breadcrumb\":{\"@id\":\"https:\/\/lgx-campus.fr\/?page_id=251966#breadcrumb\"},\"inLanguage\":\"fr-FR\",\"potentialAction\":[{\"@type\":\"ReadAction\",\"target\":[\"https:\/\/lgx-campus.fr\/?page_id=251966\"]}]},{\"@type\":\"BreadcrumbList\",\"@id\":\"https:\/\/lgx-campus.fr\/?page_id=251966#breadcrumb\",\"itemListElement\":[{\"@type\":\"ListItem\",\"position\":1,\"name\":\"Accueil\",\"item\":\"https:\/\/lgx-campus.fr\/\"},{\"@type\":\"ListItem\",\"position\":2,\"name\":\"VAE\"}]},{\"@type\":\"WebSite\",\"@id\":\"https:\/\/lgx-campus.fr\/#website\",\"url\":\"https:\/\/lgx-campus.fr\/\",\"name\":\"LGX Campus\",\"description\":\"\",\"publisher\":{\"@id\":\"https:\/\/lgx-campus.fr\/#organization\"},\"potentialAction\":[{\"@type\":\"SearchAction\",\"target\":{\"@type\":\"EntryPoint\",\"urlTemplate\":\"https:\/\/lgx-campus.fr\/?s={search_term_string}\"},\"query-input\":\"required name=search_term_string\"}],\"inLanguage\":\"fr-FR\"},{\"@type\":\"Organization\",\"@id\":\"https:\/\/lgx-campus.fr\/#organization\",\"name\":\"LGX Campus\",\"url\":\"https:\/\/lgx-campus.fr\/\",\"logo\":{\"@type\":\"ImageObject\",\"inLanguage\":\"fr-FR\",\"@id\":\"https:\/\/lgx-campus.fr\/#\/schema\/logo\/image\/\",\"url\":\"https:\/\/lgx-campus.fr\/wp-content\/uploads\/2024\/03\/LGX-Campus2.png\",\"contentUrl\":\"https:\/\/lgx-campus.fr\/wp-content\/uploads\/2024\/03\/LGX-Campus2.png\",\"width\":500,\"height\":204,\"caption\":\"LGX Campus\"},\"image\":{\"@id\":\"https:\/\/lgx-campus.fr\/#\/schema\/logo\/image\/\"},\"sameAs\":[\"https:\/\/www.facebook.com\/profile.php?id=61551394575475\",\"https:\/\/www.linkedin.com\/company\/lgx-campus\/\",\"https:\/\/www.instagram.com\/lgxcampus\/\",\"https:\/\/www.tiktok.com\/@campuslgx\"]}]}<\/script>\n<!-- \/ Yoast SEO plugin. -->","yoast_head_json":{"title":"VAE - lgx-campus.fr","robots":{"index":"index","follow":"follow","max-snippet":"max-snippet:-1","max-image-preview":"max-image-preview:large","max-video-preview":"max-video-preview:-1"},"canonical":"https:\/\/lgx-campus.fr\/?page_id=251966","og_locale":"fr_FR","og_type":"article","og_title":"VAE - lgx-campus.fr","og_description":"La VAE, qu'est-ce que c'est ?La Validation des Acquis de l'Exp\u00e9rience, est un dispositif en France qui permet \u00e0 une personne de faire reconna\u00eetre officiellement ses comp\u00e9tences et connaissances acquises au cours de son exp\u00e9rience professionnelle, b\u00e9n\u00e9vole ou associative. Elle permet d'obtenir tout ou partie d'un dipl\u00f4me, d'un titre ou d'un certificat de qualification professionnelle [&hellip;]","og_url":"https:\/\/lgx-campus.fr\/?page_id=251966","og_site_name":"lgx-campus.fr","article_publisher":"https:\/\/www.facebook.com\/profile.php?id=61551394575475","article_modified_time":"2024-09-13T09:12:23+00:00","twitter_card":"summary_large_image","twitter_misc":{"Dur\u00e9e de lecture estim\u00e9e":"6 minutes"},"schema":{"@context":"https:\/\/schema.org","@graph":[{"@type":"WebPage","@id":"https:\/\/lgx-campus.fr\/?page_id=251966","url":"https:\/\/lgx-campus.fr\/?page_id=251966","name":"VAE - lgx-campus.fr","isPartOf":{"@id":"https:\/\/lgx-campus.fr\/#website"},"datePublished":"2024-06-06T11:28:11+00:00","dateModified":"2024-09-13T09:12:23+00:00","breadcrumb":{"@id":"https:\/\/lgx-campus.fr\/?page_id=251966#breadcrumb"},"inLanguage":"fr-FR","potentialAction":[{"@type":"ReadAction","target":["https:\/\/lgx-campus.fr\/?page_id=251966"]}]},{"@type":"BreadcrumbList","@id":"https:\/\/lgx-campus.fr\/?page_id=251966#breadcrumb","itemListElement":[{"@type":"ListItem","position":1,"name":"Accueil","item":"https:\/\/lgx-campus.fr\/"},{"@type":"ListItem","position":2,"name":"VAE"}]},{"@type":"WebSite","@id":"https:\/\/lgx-campus.fr\/#website","url":"https:\/\/lgx-campus.fr\/","name":"LGX Campus","description":"","publisher":{"@id":"https:\/\/lgx-campus.fr\/#organization"},"potentialAction":[{"@type":"SearchAction","target":{"@type":"EntryPoint","urlTemplate":"https:\/\/lgx-campus.fr\/?s={search_term_string}"},"query-input":"required name=search_term_string"}],"inLanguage":"fr-FR"},{"@type":"Organization","@id":"https:\/\/lgx-campus.fr\/#organization","name":"LGX Campus","url":"https:\/\/lgx-campus.fr\/","logo":{"@type":"ImageObject","inLanguage":"fr-FR","@id":"https:\/\/lgx-campus.fr\/#\/schema\/logo\/image\/","url":"https:\/\/lgx-campus.fr\/wp-content\/uploads\/2024\/03\/LGX-Campus2.png","contentUrl":"https:\/\/lgx-campus.fr\/wp-content\/uploads\/2024\/03\/LGX-Campus2.png","width":500,"height":204,"caption":"LGX Campus"},"image":{"@id":"https:\/\/lgx-campus.fr\/#\/schema\/logo\/image\/"},"sameAs":["https:\/\/www.facebook.com\/profile.php?id=61551394575475","https:\/\/www.linkedin.com\/company\/lgx-campus\/","https:\/\/www.instagram.com\/lgxcampus\/","https:\/\/www.tiktok.com\/@campuslgx"]}]}},"_links":{"self":[{"href":"https:\/\/lgx-campus.fr\/index.php?rest_route=\/wp\/v2\/pages\/251966","targetHints":{"allow":["GET"]}}],"collection":[{"href":"https:\/\/lgx-campus.fr\/index.php?rest_route=\/wp\/v2\/pages"}],"about":[{"href":"https:\/\/lgx-campus.fr\/index.php?rest_route=\/wp\/v2\/types\/page"}],"author":[{"embeddable":true,"href":"https:\/\/lgx-campus.fr\/index.php?rest_route=\/wp\/v2\/users\/2"}],"replies":[{"embeddable":true,"href":"https:\/\/lgx-campus.fr\/index.php?rest_route=%2Fwp%2Fv2%2Fcomments&post=251966"}],"version-history":[{"count":3,"href":"https:\/\/lgx-campus.fr\/index.php?rest_route=\/wp\/v2\/pages\/251966\/revisions"}],"predecessor-version":[{"id":253321,"href":"https:\/\/lgx-campus.fr\/index.php?rest_route=\/wp\/v2\/pages\/251966\/revisions\/253321"}],"wp:attachment":[{"href":"https:\/\/lgx-campus.fr\/index.php?rest_route=%2Fwp%2Fv2%2Fmedia&parent=251966"}],"curies":[{"name":"wp","href":"https:\/\/api.w.org\/{rel}","templated":true}]}}